{"id":2305,"date":"2021-10-04T07:22:06","date_gmt":"2021-10-04T07:22:06","guid":{"rendered":"https:\/\/kindle-equality.com\/?page_id=2305"},"modified":"2022-08-23T08:19:52","modified_gmt":"2022-08-23T08:19:52","slug":"korak-po-korak-kroz-edukaciju","status":"publish","type":"page","link":"https:\/\/kindle-equality.com\/sr\/korak-po-korak-kroz-edukaciju\/","title":{"rendered":"Korak po korak kroz edukaciju"},"content":{"rendered":"<div class=\"wrapper wrapper__bg-color wrapper__spacing-bottom-large--24\" data-id=\"7cc314b3720ff8c614b831f9fcd5269c\" >\n\t\t\n\t\t\t<div class=\"wrapper__container wrapper__container-width-large--not-set wrapper__gutter-large--not-set\">\n\t\t\t\t\t\t<div class=\"wrapper__inner wrapper__width-large--12\">\n\t\t\t\t<div class=\"hero block-hero__hero\" data-id=\"3c5c2e36bdd45985165fb5f46649b9c6\">\n\t<div class=\"hero__background\" style=\"background-image: url('')\"><\/div>\n\t<style>.hero[data-id='3c5c2e36bdd45985165fb5f46649b9c6'] {\n\t\t\t\t\t\t--hero-background-color: var(--global-colors-white);\n--hero-image-position: 60%;\n\t\t\t\t\t}\n\t\t\t\t <\/style>\t<div class=\"hero__wrapper\">\n\t\t<div class=\"hero__content\">\n\t\t\t<h2 class=\"heading hero__heading is-underline is-underline--offset is-underline--big is-underline--yellow\" data-id=\"f575f94ca271362d5e48efe6872ff4c4\" >\n\n\t<style>.heading[data-id='f575f94ca271362d5e48efe6872ff4c4'] {\n\t\t\t\t\t\t--heading-font-size: 3.6rem;\n--heading-line-height: 1.25;\n--heading-font-weight: 700;\n--heading-color: var(--global-colors-blue-2);\n\t\t\t\t\t}\n\t\t\t\t@media (min-width: 960px) {\n\t\t\t\t\t\t.heading[data-id='f575f94ca271362d5e48efe6872ff4c4'] {\n\t\t\t\t\t\t\t--heading-font-size: 6.4rem;\n--heading-line-height: 1.12;\n\t\t\t\t\t\t}\n\t\t\t\t\t}\n\t\t\t\t <\/style>\n\tKorak po korak kroz edukaciju\n<\/h2><p class=\"paragraph hero__paragraph\" data-id=\"e3a57895cdb53e89fec4307e63b1fd6c\" >\n\t<style>.paragraph[data-id='e3a57895cdb53e89fec4307e63b1fd6c'] {\n\t\t\t\t\t\t--paragraph-font-size: 1.8rem;\n--paragraph-line-height: 2.14;\n--paragraph-color: var(--global-colors-black-1);\n--paragraph-link-color: var(--global-colors-primary);\n--paragraph-link-color-hover: var(--global-colors-primary);\n--paragraph-font-weight: 400;\n\t\t\t\t\t}\n\t\t\t\t@media (min-width: 960px) {\n\t\t\t\t\t\t.paragraph[data-id='e3a57895cdb53e89fec4307e63b1fd6c'] {\n\t\t\t\t\t\t\t--paragraph-font-size: 2rem;\n--paragraph-line-height: 1.5;\n\t\t\t\t\t\t}\n\t\t\t\t\t}\n\t\t\t\t <\/style>Edukativni program sadr\u017ei interaktivne karte i video materijale koji slu\u017ee kao pomo\u0107no sredstvo u edukaciji o rodnim stereotipima. Kroz niz situacija i ciljnih grupa prikazane su uobi\u010dajene situacije u kojima se izra\u017eavaju ili podr\u017eavaju rodni stereotipi, uglavnom nesvesno.<\/p>\t\t<\/div>\n\t\t\t<\/div>\n<\/div>\t\t\t<\/div>\n\t\t<\/div>\n\t<\/div>\n\n<div class=\"wrapper wrapper__bg-color wrapper__spacing-top-large--160 wrapper__spacing-top-tablet--115 wrapper__spacing-bottom-large--80 wrapper__spacing-top-in-large--60\" data-id=\"2a8ae9bb49fe792940ea38b9f9c8face\" >\n\t\t\n\t\t\t<div class=\"wrapper__container wrapper__container-width-large--default wrapper__gutter-large--default\">\n\t\t\t\t\t\t<div class=\"wrapper__inner wrapper__width-large--12\">\n\t\t\t\t<div class=\"block-text-image\" data-id=\"e5b776a76f4e50597298d63c3148b42a\">\n\t<h2 class=\"heading block-text-image__heading\" data-id=\"bb77fcbe988115c39932dc1896e52b68\" >\n\n\t<style>.heading[data-id='bb77fcbe988115c39932dc1896e52b68'] {\n\t\t\t\t\t\t--heading-font-size: 2.4rem;\n--heading-line-height: 1.75;\n--heading-font-weight: 700;\n--heading-color: var(--global-colors-black-1);\n\t\t\t\t\t}\n\t\t\t\t@media (min-width: 960px) {\n\t\t\t\t\t\t.heading[data-id='bb77fcbe988115c39932dc1896e52b68'] {\n\t\t\t\t\t\t\t--heading-font-size: 3.2rem;\n--heading-line-height: 1.31;\n\t\t\t\t\t\t}\n\t\t\t\t\t}\n\t\t\t\t <\/style>\n\tSituacije\n<\/h2>\t<div class=\"block-text-image__wrapper\">\n\t\t<div class=\"block-text-image__content\">\n\t\t\t\n\n<div class=\"block-paragraph\" data-id=\"8f1fd765a37c80a8b1e3f7bc4a88a0bd\">\n\t<style>.block-paragraph[data-id='8f1fd765a37c80a8b1e3f7bc4a88a0bd'] {\n\t\t\t\t\t\t--block-paragraph-align: left;\n\t\t\t\t\t}\n\t\t\t\t <\/style><p class=\"paragraph block-paragraph__paragraph\" data-id=\"df5b432dcfe67950b9525467ec66407a\" >\n\t<style>.paragraph[data-id='df5b432dcfe67950b9525467ec66407a'] {\n\t\t\t\t\t\t--paragraph-font-size: 1.8rem;\n--paragraph-line-height: 2.14;\n--paragraph-color: var(--global-colors-black-1);\n--paragraph-link-color: var(--global-colors-primary);\n--paragraph-link-color-hover: var(--global-colors-primary);\n--paragraph-font-weight: 400;\n\t\t\t\t\t}\n\t\t\t\t@media (min-width: 960px) {\n\t\t\t\t\t\t.paragraph[data-id='df5b432dcfe67950b9525467ec66407a'] {\n\t\t\t\t\t\t\t--paragraph-font-size: 2rem;\n--paragraph-line-height: 1.5;\n\t\t\t\t\t\t}\n\t\t\t\t\t}\n\t\t\t\t <\/style>Ulaskom u edukativnu platformu dolazite do situacija koje su kreirane na osnovu li\u010dnog iskustva u\u010denika i u\u010denica. Situacije su podeljene u \u0161est osnovnih kategorija:<\/p><\/div>\n\n\n\n<div class=\"block-lists\" data-id=\"2608eefd89f78043fc192cc5e0f3060c\">\n\t<style>.block-lists[data-id='2608eefd89f78043fc192cc5e0f3060c'] {\n\t\t\t\t\t\t--block-lists-align: left;\n\t\t\t\t\t}\n\t\t\t\t <\/style><ul class=\"lists block-lists__lists lists--ul\" data-id=\"dcb53fb231e682485356f7d5f85086a1\">\n\t<style>.lists[data-id='dcb53fb231e682485356f7d5f85086a1'] {\n\t\t\t\t\t\t--lists-color: var(--global-colors-black-1);\n--lists-marker-color: var(--global-colors-primary);\n--lists-link-color: var(--global-colors-primary);\n--lists-link-color-hover: var(--global-colors-primary);\n--lists-marker-color: var(--lists-color);\n--lists-text-color: currentColor;\n--lists-link-color: var(--lists-color);\n\t\t\t\t\t}\n\t\t\t\t <\/style><li>u u\u010dionici<\/li><li>izvan u\u010dionice<\/li><li>profesionalno usmerenje<\/li><li>razgovori odraslih<\/li><li>prihvatanje razli\u010ditosti<\/li><li>u vrti\u0107u<\/li><\/ul><\/div>\n\n\t\t<\/div>\n\t\t<picture class=\"image block-text-image__image\" data-id=\"35d54420c396531e560b4f878951ca30\">\n\n\t\t<style>.image[data-id='35d54420c396531e560b4f878951ca30'] {\n\t\t\t\t\t\t--image-border-radius: 0.6rem;\n\t\t\t\t\t}\n\t\t\t\t <\/style>\n\t\t\t\t\t\t\t\t\t\t\t\t\t\t\n\t\t<img decoding=\"async\" src=\"https:\/\/kindle-equality.com\/wp-content\/uploads\/2022\/08\/situacije@2x-877x1024-1.png\" class=\"image__img block-text-image__image-img\" alt=\"Image\" \/>\n\n\t\t\t<\/picture>\t<\/div>\n<\/div>\t\t\t<\/div>\n\t\t<\/div>\n\t<\/div>\n\n<div class=\"wrapper wrapper__bg-color wrapper__spacing-bottom-large--40\" data-id=\"94daeb7e03812a73aa729124d4ccb1fd\" >\n\t\t\n\t\t\t<div class=\"wrapper__container wrapper__container-width-large--default wrapper__gutter-large--default\">\n\t\t\t\t\t\t<div class=\"wrapper__inner wrapper__width-large--8 wrapper__width-tablet--12\">\n\t\t\t\t\n<div class=\"block-paragraph\" data-id=\"ebeccc45706bb7a1d592a8eb11246b50\">\n\t<style>.block-paragraph[data-id='ebeccc45706bb7a1d592a8eb11246b50'] {\n\t\t\t\t\t\t--block-paragraph-align: left;\n\t\t\t\t\t}\n\t\t\t\t <\/style><p class=\"paragraph block-paragraph__paragraph\" data-id=\"985e37c76a7956029a8249139cc3033a\" >\n\t<style>.paragraph[data-id='985e37c76a7956029a8249139cc3033a'] {\n\t\t\t\t\t\t--paragraph-font-size: 1.8rem;\n--paragraph-line-height: 2.14;\n--paragraph-color: var(--global-colors-black-1);\n--paragraph-link-color: var(--global-colors-primary);\n--paragraph-link-color-hover: var(--global-colors-primary);\n--paragraph-font-weight: 400;\n\t\t\t\t\t}\n\t\t\t\t@media (min-width: 960px) {\n\t\t\t\t\t\t.paragraph[data-id='985e37c76a7956029a8249139cc3033a'] {\n\t\t\t\t\t\t\t--paragraph-font-size: 2rem;\n--paragraph-line-height: 1.5;\n\t\t\t\t\t\t}\n\t\t\t\t\t}\n\t\t\t\t <\/style>U okviru svake kategorije mo\u017eete prona\u0107i situacije iz svakodnevnog \u0161kolskog \u017eivota koje vam mogu pomo\u0107i da lak\u0161e prepoznate, imenujete i reagujete na rodne stereotipe kako svoje sopstvene, tako i one od kolega, u\u010denika ili njihovih roditelja.<\/p><\/div>\n\t\t\t<\/div>\n\t\t<\/div>\n\t<\/div>\n\n<div class=\"wrapper wrapper__bg-color wrapper__spacing-bottom-large--24\" data-id=\"f588acc782a2666e5e0ee69547848fbd\" >\n\t\t\n\t\t\t<div class=\"wrapper__container wrapper__container-width-large--default wrapper__gutter-large--default\">\n\t\t\t\t\t\t<div class=\"wrapper__inner wrapper__width-large--12\">\n\t\t\t\t\n<div class=\"block-image\" data-id=\"b6d2f19f2a6cbbfb5b45eaad5003c80e\">\n\t<style>.block-image[data-id='b6d2f19f2a6cbbfb5b45eaad5003c80e'] {\n\t\t\t\t\t\t--block-image-align-horizontal: center;\n--block-image-align-vertical: center;\n\t\t\t\t\t}\n\t\t\t\t <\/style><picture class=\"image block-image__image\" data-id=\"e037a1cfaf81f6875b3dda7d79c00bcd\">\n\n\t\t<style>.image[data-id='e037a1cfaf81f6875b3dda7d79c00bcd'] {\n\t\t\t\t\t\t--image-border-radius: 0.6rem;\n\t\t\t\t\t}\n\t\t\t\t <\/style>\n\t\t\t\t\t\t\t\t\t\t\t\t\t\t\n\t\t<img decoding=\"async\" src=\"https:\/\/kindle-equality.com\/wp-content\/uploads\/2022\/08\/o_situacijama@2x-1024x870-1.png\" class=\"image__img block-image__image-img\" alt=\"Image\" \/>\n\n\t\t\t<\/picture><\/div>\n\t\t\t<\/div>\n\t\t<\/div>\n\t<\/div>\n\n<div class=\"wrapper wrapper__bg-color wrapper__spacing-top-large--160 wrapper__spacing-top-tablet--115 wrapper__spacing-bottom-large--80 wrapper__spacing-top-in-large--60\" data-id=\"fb3fd0681da8cb32c64c7ddc8a9c9b5c\" >\n\t\t\n\t\t\t<div class=\"wrapper__container wrapper__container-width-large--default wrapper__gutter-large--default\">\n\t\t\t\t\t\t<div class=\"wrapper__inner wrapper__width-large--12\">\n\t\t\t\t<div class=\"block-text-image\" data-id=\"e48a348b95149e58400b42527562dfa2\">\n\t<style>.block-text-image[data-id='e48a348b95149e58400b42527562dfa2'] {\n\t\t\t\t\t\t--text-image-direction: row-reverse;\n--text-image-first-child-margin: 0 0 0 2.8rem;\n--text-image-last-child-margin: 0 2.8rem 0 0;\n--text-image-background-image: url('.\/bg-illustration-yellow.svg');\n--text-image-image-margin-left: 0;\n--text-image-heading-margin-left: auto;\n\t\t\t\t\t}\n\t\t\t\t <\/style><h2 class=\"heading block-text-image__heading\" data-id=\"40e35cf74db7cacd946af83a079649d2\" >\n\n\t<style>.heading[data-id='40e35cf74db7cacd946af83a079649d2'] {\n\t\t\t\t\t\t--heading-font-size: 2.4rem;\n--heading-line-height: 1.75;\n--heading-font-weight: 700;\n--heading-color: var(--global-colors-black-1);\n\t\t\t\t\t}\n\t\t\t\t@media (min-width: 960px) {\n\t\t\t\t\t\t.heading[data-id='40e35cf74db7cacd946af83a079649d2'] {\n\t\t\t\t\t\t\t--heading-font-size: 3.2rem;\n--heading-line-height: 1.31;\n\t\t\t\t\t\t}\n\t\t\t\t\t}\n\t\t\t\t <\/style>\n\tCiljne grupe\n<\/h2>\t<div class=\"block-text-image__wrapper\">\n\t\t<div class=\"block-text-image__content\">\n\t\t\t\n\n<div class=\"block-paragraph\" data-id=\"a44c3d12742a15a4a204379b199bd93e\">\n\t<style>.block-paragraph[data-id='a44c3d12742a15a4a204379b199bd93e'] {\n\t\t\t\t\t\t--block-paragraph-align: left;\n\t\t\t\t\t}\n\t\t\t\t <\/style><p class=\"paragraph block-paragraph__paragraph\" data-id=\"e26ab48693076a467ff1af7a9318fb9a\" >\n\t<style>.paragraph[data-id='e26ab48693076a467ff1af7a9318fb9a'] {\n\t\t\t\t\t\t--paragraph-font-size: 1.8rem;\n--paragraph-line-height: 2.14;\n--paragraph-color: var(--global-colors-black-1);\n--paragraph-link-color: var(--global-colors-primary);\n--paragraph-link-color-hover: var(--global-colors-primary);\n--paragraph-font-weight: 400;\n\t\t\t\t\t}\n\t\t\t\t@media (min-width: 960px) {\n\t\t\t\t\t\t.paragraph[data-id='e26ab48693076a467ff1af7a9318fb9a'] {\n\t\t\t\t\t\t\t--paragraph-font-size: 2rem;\n--paragraph-line-height: 1.5;\n\t\t\t\t\t\t}\n\t\t\t\t\t}\n\t\t\t\t <\/style>Ukoliko se edukacija sprovodi za odre\u0111enu ciljnu grupu platforma omogu\u0107ava jednostavno vo\u0111enje po situacijama koje su primerene upravo za grupu kojoj se \u017eelite obratiti.<\/p><\/div>\n\n\n\n<div class=\"block-paragraph\" data-id=\"4ec85ef2e6429ab4d69261eec2aea85f\">\n\t<style>.block-paragraph[data-id='4ec85ef2e6429ab4d69261eec2aea85f'] {\n\t\t\t\t\t\t--block-paragraph-align: left;\n\t\t\t\t\t}\n\t\t\t\t <\/style><p class=\"paragraph block-paragraph__paragraph\" data-id=\"0d308b25dbb9f59b4740088af317ee83\" >\n\t<style>.paragraph[data-id='0d308b25dbb9f59b4740088af317ee83'] {\n\t\t\t\t\t\t--paragraph-font-size: 1.8rem;\n--paragraph-line-height: 2.14;\n--paragraph-color: var(--global-colors-black-1);\n--paragraph-link-color: var(--global-colors-primary);\n--paragraph-link-color-hover: var(--global-colors-primary);\n--paragraph-font-weight: 400;\n\t\t\t\t\t}\n\t\t\t\t@media (min-width: 960px) {\n\t\t\t\t\t\t.paragraph[data-id='0d308b25dbb9f59b4740088af317ee83'] {\n\t\t\t\t\t\t\t--paragraph-font-size: 2rem;\n--paragraph-line-height: 1.5;\n\t\t\t\t\t\t}\n\t\t\t\t\t}\n\t\t\t\t <\/style>Ciljne grupe su podeljene na slede\u0107i na\u010din:<\/p><\/div>\n\n\n\n<div class=\"block-lists\" data-id=\"6030c6da8718a2b253698c8e8f330baa\">\n\t<style>.block-lists[data-id='6030c6da8718a2b253698c8e8f330baa'] {\n\t\t\t\t\t\t--block-lists-align: left;\n\t\t\t\t\t}\n\t\t\t\t <\/style><ul class=\"lists block-lists__lists lists--ul\" data-id=\"da7c0da798e694221a64692b94f9e3e3\">\n\t<style>.lists[data-id='da7c0da798e694221a64692b94f9e3e3'] {\n\t\t\t\t\t\t--lists-color: var(--global-colors-black-1);\n--lists-marker-color: var(--global-colors-primary);\n--lists-link-color: var(--global-colors-primary);\n--lists-link-color-hover: var(--global-colors-primary);\n--lists-marker-color: var(--lists-color);\n--lists-text-color: currentColor;\n--lists-link-color: var(--lists-color);\n\t\t\t\t\t}\n\t\t\t\t <\/style><li>U\u010ditelji i u\u010diteljice<\/li><li>STEM nastavnici<\/li><li>Nastavnici dru\u0161tveno-humanisti\u010dkih i umetni\u010dkih predmeta<\/li><li>Stru\u010dni saradnici (psiholozi, pedagozi, defektolozi, logopedi)<\/li><li>U\u010denici ni\u017eih razreda<\/li><li>U\u010denici vi\u0161ih razreda<\/li><li>Vaspita\u010di<\/li><\/ul><\/div>\n\n\t\t<\/div>\n\t\t<picture class=\"image block-text-image__image\" data-id=\"575bfc42de48e00ebbdea29289ce0477\">\n\n\t\t<style>.image[data-id='575bfc42de48e00ebbdea29289ce0477'] {\n\t\t\t\t\t\t--image-border-radius: 0.6rem;\n\t\t\t\t\t}\n\t\t\t\t <\/style>\n\t\t\t\t\t\t\t\t\t\t\t\t\t\t\n\t\t<img decoding=\"async\" src=\"https:\/\/kindle-equality.com\/wp-content\/uploads\/2022\/08\/ciljne_grupe-856x1024-1.png\" class=\"image__img block-text-image__image-img\" alt=\"Image\" \/>\n\n\t\t\t<\/picture>\t<\/div>\n<\/div>\t\t\t<\/div>\n\t\t<\/div>\n\t<\/div>\n\n<div class=\"wrapper wrapper__bg-color wrapper__spacing-top-large--160 wrapper__spacing-top-tablet--115 wrapper__spacing-bottom-large--160 wrapper__spacing-bottom-tablet--120 wrapper__spacing-top-in-large--60 wrapper__spacing-bottom-in-large--21 wrapper__spacing-bottom-in-tablet--0\" data-id=\"bbf194f09921e09739d9bdebf3ea7091\" >\n\t\t\n\t\t\t<div class=\"wrapper__container wrapper__container-width-large--default wrapper__gutter-large--default\">\n\t\t\t\t\t\t<div class=\"wrapper__inner wrapper__width-large--12\">\n\t\t\t\t<div class=\"block-text-image\" data-id=\"c5e7e7200a08a4f62b110c8d1ab84a06\">\n\t<h2 class=\"heading block-text-image__heading\" data-id=\"4beb0b2e8afce017b1595106d5a9fdef\" >\n\n\t<style>.heading[data-id='4beb0b2e8afce017b1595106d5a9fdef'] {\n\t\t\t\t\t\t--heading-font-size: 2.4rem;\n--heading-line-height: 1.75;\n--heading-font-weight: 700;\n--heading-color: var(--global-colors-black-1);\n\t\t\t\t\t}\n\t\t\t\t@media (min-width: 960px) {\n\t\t\t\t\t\t.heading[data-id='4beb0b2e8afce017b1595106d5a9fdef'] {\n\t\t\t\t\t\t\t--heading-font-size: 3.2rem;\n--heading-line-height: 1.31;\n\t\t\t\t\t\t}\n\t\t\t\t\t}\n\t\t\t\t <\/style>\n\tProcesi u podlozi stereotipa\n<\/h2>\t<div class=\"block-text-image__wrapper\">\n\t\t<div class=\"block-text-image__content\">\n\t\t\t\n\n<div class=\"block-paragraph\" data-id=\"891af221dda5bac18a0a72152c72e7b9\">\n\t<style>.block-paragraph[data-id='891af221dda5bac18a0a72152c72e7b9'] {\n\t\t\t\t\t\t--block-paragraph-align: left;\n\t\t\t\t\t}\n\t\t\t\t <\/style><p class=\"paragraph block-paragraph__paragraph\" data-id=\"a68777b1a3649f532d06435f08f78967\" >\n\t<style>.paragraph[data-id='a68777b1a3649f532d06435f08f78967'] {\n\t\t\t\t\t\t--paragraph-font-size: 1.8rem;\n--paragraph-line-height: 2.14;\n--paragraph-color: var(--global-colors-black-1);\n--paragraph-link-color: var(--global-colors-primary);\n--paragraph-link-color-hover: var(--global-colors-primary);\n--paragraph-font-weight: 400;\n\t\t\t\t\t}\n\t\t\t\t@media (min-width: 960px) {\n\t\t\t\t\t\t.paragraph[data-id='a68777b1a3649f532d06435f08f78967'] {\n\t\t\t\t\t\t\t--paragraph-font-size: 2rem;\n--paragraph-line-height: 1.5;\n\t\t\t\t\t\t}\n\t\t\t\t\t}\n\t\t\t\t <\/style>Na interaktivnim kartama je obja\u0161njeno za\u0161to dolazi do odre\u0111ene stereotipne reakcije. U ve\u0107ini slu\u010dajeva obja\u0161njenje vodi do poveznice na kojoj su dodatno obja\u0161njeni <strong><a href=\"https:\/\/kindle-equality.com\/sr\/terms\/\" target=\"_blank\" rel=\"noreferrer noopener\">procesi u podlozi rodnih stereotipa i nesvesnih pristrasnosti<\/a><\/strong>.<\/p><\/div>\n\n\t\t<\/div>\n\t\t<picture class=\"image block-text-image__image\" data-id=\"7a2e867550e4b0a758d30262523f3852\">\n\n\t\t<style>.image[data-id='7a2e867550e4b0a758d30262523f3852'] {\n\t\t\t\t\t\t--image-border-radius: 0.6rem;\n\t\t\t\t\t}\n\t\t\t\t <\/style>\n\t\t\t\t\t\t\t\t\t\t\t\t\t\t\n\t\t<img decoding=\"async\" src=\"https:\/\/kindle-equality.com\/wp-content\/uploads\/2021\/09\/Nesvjesna-pristranost-vlastitoj-grupi.svg\" class=\"image__img block-text-image__image-img\" alt=\"Image\" \/>\n\n\t\t\t<\/picture>\t<\/div>\n<\/div>\t\t\t<\/div>\n\t\t<\/div>\n\t<\/div>","protected":false},"excerpt":{"rendered":"","protected":false},"author":9,"featured_media":0,"parent":0,"menu_order":1,"comment_status":"closed","ping_status":"closed","template":"","meta":{"_acf_changed":false,"footnotes":""},"class_list":["post-2305","page","type-page","status-publish","hentry"],"acf":[],"yoast_head":"<!-- This site is optimized with the Yoast SEO plugin v26.8 - https:\/\/yoast.com\/product\/yoast-seo-wordpress\/ -->\n<title>Korak po korak kroz edukaciju - Kindle Equality<\/title>\n<meta name=\"robots\" content=\"index, follow, max-snippet:-1, max-image-preview:large, max-video-preview:-1\" \/>\n<link rel=\"canonical\" href=\"https:\/\/kindle-equality.com\/sr\/korak-po-korak-kroz-edukaciju\/\" \/>\n<meta property=\"og:locale\" content=\"sr_RS\" \/>\n<meta property=\"og:type\" content=\"article\" \/>\n<meta property=\"og:title\" content=\"Korak po korak kroz edukaciju - Kindle Equality\" \/>\n<meta property=\"og:url\" content=\"https:\/\/kindle-equality.com\/sr\/korak-po-korak-kroz-edukaciju\/\" \/>\n<meta property=\"og:site_name\" content=\"Kindle Equality\" \/>\n<meta property=\"article:modified_time\" content=\"2022-08-23T08:19:52+00:00\" \/>\n<meta property=\"og:image\" content=\"https:\/\/kindle-equality.com\/wp-content\/uploads\/2023\/04\/kindle_fcb.png\" \/>\n\t<meta property=\"og:image:width\" content=\"800\" \/>\n\t<meta property=\"og:image:height\" content=\"665\" \/>\n\t<meta property=\"og:image:type\" content=\"image\/png\" \/>\n<meta name=\"twitter:card\" content=\"summary_large_image\" \/>\n<script type=\"application\/ld+json\" class=\"yoast-schema-graph\">{\"@context\":\"https:\/\/schema.org\",\"@graph\":[{\"@type\":\"WebPage\",\"@id\":\"https:\/\/kindle-equality.com\/sr\/korak-po-korak-kroz-edukaciju\/\",\"url\":\"https:\/\/kindle-equality.com\/sr\/korak-po-korak-kroz-edukaciju\/\",\"name\":\"Korak po korak kroz edukaciju - Kindle Equality\",\"isPartOf\":{\"@id\":\"https:\/\/kindle-equality.com\/sr\/#website\"},\"datePublished\":\"2021-10-04T07:22:06+00:00\",\"dateModified\":\"2022-08-23T08:19:52+00:00\",\"breadcrumb\":{\"@id\":\"https:\/\/kindle-equality.com\/sr\/korak-po-korak-kroz-edukaciju\/#breadcrumb\"},\"inLanguage\":\"sr-RS\",\"potentialAction\":[{\"@type\":\"ReadAction\",\"target\":[\"https:\/\/kindle-equality.com\/sr\/korak-po-korak-kroz-edukaciju\/\"]}]},{\"@type\":\"BreadcrumbList\",\"@id\":\"https:\/\/kindle-equality.com\/sr\/korak-po-korak-kroz-edukaciju\/#breadcrumb\",\"itemListElement\":[{\"@type\":\"ListItem\",\"position\":1,\"name\":\"Home\",\"item\":\"https:\/\/kindle-equality.com\/sr\/\"},{\"@type\":\"ListItem\",\"position\":2,\"name\":\"Korak po korak kroz edukaciju\"}]},{\"@type\":\"WebSite\",\"@id\":\"https:\/\/kindle-equality.com\/sr\/#website\",\"url\":\"https:\/\/kindle-equality.com\/sr\/\",\"name\":\"Kindle Equality\",\"description\":\"Edukacijska platforma za nastavnike razredne i predmetne nastave, stru\u010dne slu\u017ebe u osnovnim \u0161kolama i odgajatelje u vrti\u0107ima\",\"publisher\":{\"@id\":\"https:\/\/kindle-equality.com\/sr\/#organization\"},\"potentialAction\":[{\"@type\":\"SearchAction\",\"target\":{\"@type\":\"EntryPoint\",\"urlTemplate\":\"https:\/\/kindle-equality.com\/sr\/?s={search_term_string}\"},\"query-input\":{\"@type\":\"PropertyValueSpecification\",\"valueRequired\":true,\"valueName\":\"search_term_string\"}}],\"inLanguage\":\"sr-RS\"},{\"@type\":\"Organization\",\"@id\":\"https:\/\/kindle-equality.com\/sr\/#organization\",\"name\":\"Kindle Equality\",\"url\":\"https:\/\/kindle-equality.com\/sr\/\",\"logo\":{\"@type\":\"ImageObject\",\"inLanguage\":\"sr-RS\",\"@id\":\"https:\/\/kindle-equality.com\/sr\/#\/schema\/logo\/image\/\",\"url\":\"https:\/\/kindle-equality.com\/wp-content\/uploads\/2021\/09\/kindle-equality-RGB-1.svg\",\"contentUrl\":\"https:\/\/kindle-equality.com\/wp-content\/uploads\/2021\/09\/kindle-equality-RGB-1.svg\",\"width\":1,\"height\":1,\"caption\":\"Kindle Equality\"},\"image\":{\"@id\":\"https:\/\/kindle-equality.com\/sr\/#\/schema\/logo\/image\/\"}}]}<\/script>\n<!-- \/ Yoast SEO plugin. -->","yoast_head_json":{"title":"Korak po korak kroz edukaciju - Kindle Equality","robots":{"index":"index","follow":"follow","max-snippet":"max-snippet:-1","max-image-preview":"max-image-preview:large","max-video-preview":"max-video-preview:-1"},"canonical":"https:\/\/kindle-equality.com\/sr\/korak-po-korak-kroz-edukaciju\/","og_locale":"sr_RS","og_type":"article","og_title":"Korak po korak kroz edukaciju - Kindle Equality","og_url":"https:\/\/kindle-equality.com\/sr\/korak-po-korak-kroz-edukaciju\/","og_site_name":"Kindle Equality","article_modified_time":"2022-08-23T08:19:52+00:00","og_image":[{"width":800,"height":665,"url":"https:\/\/kindle-equality.com\/wp-content\/uploads\/2023\/04\/kindle_fcb.png","type":"image\/png"}],"twitter_card":"summary_large_image","schema":{"@context":"https:\/\/schema.org","@graph":[{"@type":"WebPage","@id":"https:\/\/kindle-equality.com\/sr\/korak-po-korak-kroz-edukaciju\/","url":"https:\/\/kindle-equality.com\/sr\/korak-po-korak-kroz-edukaciju\/","name":"Korak po korak kroz edukaciju - Kindle Equality","isPartOf":{"@id":"https:\/\/kindle-equality.com\/sr\/#website"},"datePublished":"2021-10-04T07:22:06+00:00","dateModified":"2022-08-23T08:19:52+00:00","breadcrumb":{"@id":"https:\/\/kindle-equality.com\/sr\/korak-po-korak-kroz-edukaciju\/#breadcrumb"},"inLanguage":"sr-RS","potentialAction":[{"@type":"ReadAction","target":["https:\/\/kindle-equality.com\/sr\/korak-po-korak-kroz-edukaciju\/"]}]},{"@type":"BreadcrumbList","@id":"https:\/\/kindle-equality.com\/sr\/korak-po-korak-kroz-edukaciju\/#breadcrumb","itemListElement":[{"@type":"ListItem","position":1,"name":"Home","item":"https:\/\/kindle-equality.com\/sr\/"},{"@type":"ListItem","position":2,"name":"Korak po korak kroz edukaciju"}]},{"@type":"WebSite","@id":"https:\/\/kindle-equality.com\/sr\/#website","url":"https:\/\/kindle-equality.com\/sr\/","name":"Kindle Equality","description":"Edukacijska platforma za nastavnike razredne i predmetne nastave, stru\u010dne slu\u017ebe u osnovnim \u0161kolama i odgajatelje u vrti\u0107ima","publisher":{"@id":"https:\/\/kindle-equality.com\/sr\/#organization"},"potentialAction":[{"@type":"SearchAction","target":{"@type":"EntryPoint","urlTemplate":"https:\/\/kindle-equality.com\/sr\/?s={search_term_string}"},"query-input":{"@type":"PropertyValueSpecification","valueRequired":true,"valueName":"search_term_string"}}],"inLanguage":"sr-RS"},{"@type":"Organization","@id":"https:\/\/kindle-equality.com\/sr\/#organization","name":"Kindle Equality","url":"https:\/\/kindle-equality.com\/sr\/","logo":{"@type":"ImageObject","inLanguage":"sr-RS","@id":"https:\/\/kindle-equality.com\/sr\/#\/schema\/logo\/image\/","url":"https:\/\/kindle-equality.com\/wp-content\/uploads\/2021\/09\/kindle-equality-RGB-1.svg","contentUrl":"https:\/\/kindle-equality.com\/wp-content\/uploads\/2021\/09\/kindle-equality-RGB-1.svg","width":1,"height":1,"caption":"Kindle Equality"},"image":{"@id":"https:\/\/kindle-equality.com\/sr\/#\/schema\/logo\/image\/"}}]}},"_links":{"self":[{"href":"https:\/\/kindle-equality.com\/sr\/wp-json\/wp\/v2\/pages\/2305","targetHints":{"allow":["GET"]}}],"collection":[{"href":"https:\/\/kindle-equality.com\/sr\/wp-json\/wp\/v2\/pages"}],"about":[{"href":"https:\/\/kindle-equality.com\/sr\/wp-json\/wp\/v2\/types\/page"}],"author":[{"embeddable":true,"href":"https:\/\/kindle-equality.com\/sr\/wp-json\/wp\/v2\/users\/9"}],"replies":[{"embeddable":true,"href":"https:\/\/kindle-equality.com\/sr\/wp-json\/wp\/v2\/comments?post=2305"}],"version-history":[{"count":3,"href":"https:\/\/kindle-equality.com\/sr\/wp-json\/wp\/v2\/pages\/2305\/revisions"}],"predecessor-version":[{"id":2535,"href":"https:\/\/kindle-equality.com\/sr\/wp-json\/wp\/v2\/pages\/2305\/revisions\/2535"}],"wp:attachment":[{"href":"https:\/\/kindle-equality.com\/sr\/wp-json\/wp\/v2\/media?parent=2305"}],"curies":[{"name":"wp","href":"https:\/\/api.w.org\/{rel}","templated":true}]}}