{"id":2148,"date":"2021-10-01T07:11:17","date_gmt":"2021-10-01T07:11:17","guid":{"rendered":"https:\/\/kindle-equality.com\/?page_id=2148"},"modified":"2022-08-04T08:35:58","modified_gmt":"2022-08-04T08:35:58","slug":"ukratko-o-kartama","status":"publish","type":"page","link":"https:\/\/kindle-equality.com\/sr\/ukratko-o-kartama\/","title":{"rendered":"Ukratko o kartama"},"content":{"rendered":"<div class=\"wrapper wrapper__bg-color wrapper__spacing-bottom-large--24\" data-id=\"a5b9ab5524553ef937a47e440d61e3fb\" >\n\t\t\n\t\t\t<div class=\"wrapper__container wrapper__container-width-large--not-set wrapper__gutter-large--not-set\">\n\t\t\t\t\t\t<div class=\"wrapper__inner wrapper__width-large--12\">\n\t\t\t\t<div class=\"hero block-hero__hero\" data-id=\"28d8409279780954b7674392592e015d\">\n\t<div class=\"hero__background\" style=\"background-image: url('https:\/\/kindle-equality.com\/wp-content\/uploads\/2021\/10\/karte-logo.svg')\"><\/div>\n\t<style>.hero[data-id='28d8409279780954b7674392592e015d'] {\n\t\t\t\t\t\t--hero-background-color: var(--global-colors-white);\n--hero-image-position: 60%;\n\t\t\t\t\t}\n\t\t\t\t <\/style>\t<div class=\"hero__wrapper\">\n\t\t<div class=\"hero__content\">\n\t\t\t<h2 class=\"heading hero__heading is-underline is-underline--offset is-underline--big is-underline--yellow\" data-id=\"2d5d35e7db9c0b7d75f5fb40f567a923\" >\n\n\t<style>.heading[data-id='2d5d35e7db9c0b7d75f5fb40f567a923'] {\n\t\t\t\t\t\t--heading-font-size: 3.6rem;\n--heading-line-height: 1.25;\n--heading-font-weight: 700;\n--heading-color: var(--global-colors-blue-2);\n\t\t\t\t\t}\n\t\t\t\t@media (min-width: 960px) {\n\t\t\t\t\t\t.heading[data-id='2d5d35e7db9c0b7d75f5fb40f567a923'] {\n\t\t\t\t\t\t\t--heading-font-size: 6.4rem;\n--heading-line-height: 1.12;\n\t\t\t\t\t\t}\n\t\t\t\t\t}\n\t\t\t\t <\/style>\n\tUkratko o kartama\n<\/h2><p class=\"paragraph hero__paragraph\" data-id=\"5c80e79dafa20ffaf4ac6b5ad24fe6f2\" >\n\t<style>.paragraph[data-id='5c80e79dafa20ffaf4ac6b5ad24fe6f2'] {\n\t\t\t\t\t\t--paragraph-font-size: 1.6rem;\n--paragraph-line-height: 1.75;\n--paragraph-color: var(--global-colors-black-1);\n--paragraph-link-color: var(--global-colors-primary);\n--paragraph-link-color-hover: var(--global-colors-primary);\n--paragraph-font-weight: 400;\n\t\t\t\t\t}\n\t\t\t\t <\/style>Edukacija u\u010ditelja, stru\u010dnih slu\u017ebi, nastavnika u osnovnim \u0161kolama i vaspita\u010da u vrti\u0107ima o prepoznavanju nesvesnih pristrasnosti i efikasnim na\u010dinima suzbijanja rodnih stereotipa.<\/p>\t\t<\/div>\n\t\t<picture class=\"image hero__image\" data-id=\"edab88a46c028b313a5543e17ec323cd\">\n\n\t\t<style>.image[data-id='edab88a46c028b313a5543e17ec323cd'] {\n\t\t\t\t\t\t--image-border-radius: 0.6rem;\n\t\t\t\t\t}\n\t\t\t\t <\/style>\n\t\t\t\t\t\t\t\t\t\t\t\t\t\t\n\t\t<img decoding=\"async\" src=\"https:\/\/kindle-equality.com\/wp-content\/uploads\/2021\/10\/karte-logo.svg\" class=\"image__img hero__image-img\" alt=\"Ukratko o kartama\" \/>\n\n\t\t\t<\/picture>\t<\/div>\n<\/div>\t\t\t<\/div>\n\t\t<\/div>\n\t<\/div>\n\n<div class=\"wrapper wrapper__bg-color wrapper__spacing-top-large--160 wrapper__spacing-top-tablet--115 wrapper__spacing-bottom-large--20 wrapper__spacing-top-in-large--60\" data-id=\"564c75ce410bf1a32fabd2decd868895\" >\n\t\t\n\t\t\t<div class=\"wrapper__container wrapper__container-width-large--default wrapper__gutter-large--default\">\n\t\t\t<picture class=\"image wrapper__image\" data-id=\"b6c72be12b159f87fb759b60db1457eb\">\n\n\t\t\n\t\t\t\t\t\t\t\t\t\t\t\t\t\t\n\t\t<img decoding=\"async\" src=\"https:\/\/kindle-equality.com\/wp-content\/themes\/kindle-equality\/public\/bg-illustration-blue.svg\" class=\"image__img wrapper__image-img\" alt=\"Illustration blue\" \/>\n\n\t\t\t<\/picture>\t\t\t<div class=\"wrapper__inner wrapper__width-large--12\">\n\t\t\t\t<div class=\"block-text-image\" data-id=\"fdb4ae083fe9fe1eb248bde8493c5d54\">\n\t<h2 class=\"heading block-text-image__heading\" data-id=\"78c8b373dd4108213d206d965a374fdd\" >\n\n\t<style>.heading[data-id='78c8b373dd4108213d206d965a374fdd'] {\n\t\t\t\t\t\t--heading-font-size: 2.4rem;\n--heading-line-height: 1.75;\n--heading-font-weight: 700;\n--heading-color: var(--global-colors-black-1);\n\t\t\t\t\t}\n\t\t\t\t@media (min-width: 960px) {\n\t\t\t\t\t\t.heading[data-id='78c8b373dd4108213d206d965a374fdd'] {\n\t\t\t\t\t\t\t--heading-font-size: 3.2rem;\n--heading-line-height: 1.31;\n\t\t\t\t\t\t}\n\t\t\t\t\t}\n\t\t\t\t <\/style>\n\tUkratko&#8230;\n<\/h2>\t<div class=\"block-text-image__wrapper\">\n\t\t<div class=\"block-text-image__content\">\n\t\t\t\n\n<div class=\"block-paragraph\" data-id=\"6671775a5a68c8aa1c42af92546801d0\">\n\t<style>.block-paragraph[data-id='6671775a5a68c8aa1c42af92546801d0'] {\n\t\t\t\t\t\t--block-paragraph-align: left;\n\t\t\t\t\t}\n\t\t\t\t <\/style><p class=\"paragraph block-paragraph__paragraph\" data-id=\"831a611f13b3305049330306d55661a3\" >\n\t<style>.paragraph[data-id='831a611f13b3305049330306d55661a3'] {\n\t\t\t\t\t\t--paragraph-font-size: 1.6rem;\n--paragraph-line-height: 1.75;\n--paragraph-color: var(--global-colors-black-1);\n--paragraph-link-color: var(--global-colors-primary);\n--paragraph-link-color-hover: var(--global-colors-primary);\n--paragraph-font-weight: 400;\n\t\t\t\t\t}\n\t\t\t\t <\/style>Karte su interaktivni edukativni materijal sa podacima utemeljenim na dokazima o nesvesnoj pristrasnosti i na\u010dinima suzbijanja stereotipa. U njima mo\u017eete prona\u0107i situacije iz svakodnevnog \u0161kolskog \u017eivota koje vam mogu pomo\u0107i u no\u0161enju sa sopstvenim, kao i sa pristrasnostima i stereotipima kolega, u\u010denika ili njihovih roditelja.<\/p><\/div>\n\n\t\t<\/div>\n\t\t<picture class=\"image block-text-image__image\" data-id=\"c04349d411cb6027a6169f23e1b3a6fe\">\n\n\t\t<style>.image[data-id='c04349d411cb6027a6169f23e1b3a6fe'] {\n\t\t\t\t\t\t--image-border-radius: 0.6rem;\n\t\t\t\t\t}\n\t\t\t\t <\/style>\n\t\t\t\t\t\t\t\t\t\t\t\t\t\t\n\t\t<img decoding=\"async\" src=\"https:\/\/kindle-equality.com\/wp-content\/uploads\/2021\/09\/Konformizam.svg\" class=\"image__img block-text-image__image-img\" alt=\"Image\" \/>\n\n\t\t\t<\/picture>\t<\/div>\n<\/div>\t\t\t<\/div>\n\t\t<\/div>\n\t<\/div>\n\n<div class=\"wrapper wrapper__bg-color wrapper__spacing-top-large--160 wrapper__spacing-top-tablet--115 wrapper__spacing-bottom-large--160 wrapper__spacing-bottom-tablet--120 wrapper__spacing-top-in-large--60\" data-id=\"17fdecf132dd421e80c21a701aef1ddd\" >\n\t\t\n\t\t\t<div class=\"wrapper__container wrapper__container-width-large--default wrapper__gutter-large--default\">\n\t\t\t<picture class=\"image wrapper__image\" data-id=\"bac59c5c4d60405f6b0a902a90fafe86\">\n\n\t\t\n\t\t\t\t\t\t\t\t\t\t\t\t\t\t\n\t\t<img decoding=\"async\" src=\"https:\/\/kindle-equality.com\/wp-content\/themes\/kindle-equality\/public\/bg-illustration-yellow.svg\" class=\"image__img wrapper__image-img\" alt=\"Illustration yellow\" \/>\n\n\t\t\t<\/picture>\t\t\t<div class=\"wrapper__inner wrapper__width-large--12\">\n\t\t\t\t<div class=\"block-text-image\" data-id=\"dfa57838163c955c578f6b3b03259542\">\n\t<style>.block-text-image[data-id='dfa57838163c955c578f6b3b03259542'] {\n\t\t\t\t\t\t--text-image-direction: row-reverse;\n--text-image-first-child-margin: 0 0 0 2.8rem;\n--text-image-last-child-margin: 0 2.8rem 0 0;\n--text-image-background-image: url('.\/bg-illustration-yellow.svg');\n--text-image-image-margin-left: 0;\n--text-image-heading-margin-left: auto;\n\t\t\t\t\t}\n\t\t\t\t <\/style><h2 class=\"heading block-text-image__heading\" data-id=\"ecf803fb95656f2d5311de9c58e7b98a\" >\n\n\t<style>.heading[data-id='ecf803fb95656f2d5311de9c58e7b98a'] {\n\t\t\t\t\t\t--heading-font-size: 2.4rem;\n--heading-line-height: 1.75;\n--heading-font-weight: 700;\n--heading-color: var(--global-colors-black-1);\n\t\t\t\t\t}\n\t\t\t\t@media (min-width: 960px) {\n\t\t\t\t\t\t.heading[data-id='ecf803fb95656f2d5311de9c58e7b98a'] {\n\t\t\t\t\t\t\t--heading-font-size: 3.2rem;\n--heading-line-height: 1.31;\n\t\t\t\t\t\t}\n\t\t\t\t\t}\n\t\t\t\t <\/style>\n\t&#8230; i malo vi\u0161e\n<\/h2>\t<div class=\"block-text-image__wrapper\">\n\t\t<div class=\"block-text-image__content\">\n\t\t\t\n\n<div class=\"block-paragraph\" data-id=\"bfd1aa86ae02890c749203d1ef218efb\">\n\t<style>.block-paragraph[data-id='bfd1aa86ae02890c749203d1ef218efb'] {\n\t\t\t\t\t\t--block-paragraph-align: left;\n\t\t\t\t\t}\n\t\t\t\t <\/style><p class=\"paragraph block-paragraph__paragraph\" data-id=\"47a3f6f24121d86a6ccaef16c0aae3f1\" >\n\t<style>.paragraph[data-id='47a3f6f24121d86a6ccaef16c0aae3f1'] {\n\t\t\t\t\t\t--paragraph-font-size: 1.6rem;\n--paragraph-line-height: 1.75;\n--paragraph-color: var(--global-colors-black-1);\n--paragraph-link-color: var(--global-colors-primary);\n--paragraph-link-color-hover: var(--global-colors-primary);\n--paragraph-font-weight: 400;\n\t\t\t\t\t}\n\t\t\t\t <\/style>Karte dolaze u sedam boja kojima je ozna\u010den kontekst situacije, a na njima su navedene i ciljne grupe na koje se situacije mogu primeniti. Kartama se mo\u017ee pristupiti i kroz ciljne grupe. Na samim kartama pod nazivom <strong>Za\u0161to se to doga\u0111a<\/strong> u ve\u0107ini slu\u010dajeva se nalaze i linkovi koji dodatno obja\u0161njavaju proces u podlozi stereotipa i pristrasnosti.<\/p><\/div>\n\n\t\t<\/div>\n\t\t<picture class=\"image block-text-image__image\" data-id=\"13f70118e81e50ab680dfadd2bbb4536\">\n\n\t\t<style>.image[data-id='13f70118e81e50ab680dfadd2bbb4536'] {\n\t\t\t\t\t\t--image-border-radius: 0.6rem;\n\t\t\t\t\t}\n\t\t\t\t <\/style>\n\t\t\t\t\t\t\t\t\t\t\t\t\t\t\n\t\t<img decoding=\"async\" src=\"https:\/\/kindle-equality.com\/wp-content\/uploads\/2021\/09\/Nesvjesna-pristranost-vlastitoj-grupi.svg\" class=\"image__img block-text-image__image-img\" alt=\"Image\" \/>\n\n\t\t\t<\/picture>\t<\/div>\n<\/div>\t\t\t<\/div>\n\t\t<\/div>\n\t<\/div>","protected":false},"excerpt":{"rendered":"","protected":false},"author":9,"featured_media":0,"parent":0,"menu_order":2,"comment_status":"closed","ping_status":"closed","template":"","meta":{"_acf_changed":false,"footnotes":""},"class_list":["post-2148","page","type-page","status-publish","hentry"],"acf":[],"yoast_head":"<!-- This site is optimized with the Yoast SEO plugin v26.8 - https:\/\/yoast.com\/product\/yoast-seo-wordpress\/ -->\n<title>Ukratko o kartama - Kindle Equality<\/title>\n<meta name=\"robots\" content=\"index, follow, max-snippet:-1, max-image-preview:large, max-video-preview:-1\" \/>\n<link rel=\"canonical\" href=\"https:\/\/kindle-equality.com\/sr\/ukratko-o-kartama\/\" \/>\n<meta property=\"og:locale\" content=\"sr_RS\" \/>\n<meta property=\"og:type\" content=\"article\" \/>\n<meta property=\"og:title\" content=\"Ukratko o kartama - Kindle Equality\" \/>\n<meta property=\"og:url\" content=\"https:\/\/kindle-equality.com\/sr\/ukratko-o-kartama\/\" \/>\n<meta property=\"og:site_name\" content=\"Kindle Equality\" \/>\n<meta property=\"article:modified_time\" content=\"2022-08-04T08:35:58+00:00\" \/>\n<meta property=\"og:image\" content=\"https:\/\/kindle-equality.com\/wp-content\/uploads\/2023\/04\/kindle_fcb.png\" \/>\n\t<meta property=\"og:image:width\" content=\"800\" \/>\n\t<meta property=\"og:image:height\" content=\"665\" \/>\n\t<meta property=\"og:image:type\" content=\"image\/png\" \/>\n<meta name=\"twitter:card\" content=\"summary_large_image\" \/>\n<script type=\"application\/ld+json\" class=\"yoast-schema-graph\">{\"@context\":\"https:\/\/schema.org\",\"@graph\":[{\"@type\":\"WebPage\",\"@id\":\"https:\/\/kindle-equality.com\/sr\/ukratko-o-kartama\/\",\"url\":\"https:\/\/kindle-equality.com\/sr\/ukratko-o-kartama\/\",\"name\":\"Ukratko o kartama - Kindle Equality\",\"isPartOf\":{\"@id\":\"https:\/\/kindle-equality.com\/sr\/#website\"},\"datePublished\":\"2021-10-01T07:11:17+00:00\",\"dateModified\":\"2022-08-04T08:35:58+00:00\",\"breadcrumb\":{\"@id\":\"https:\/\/kindle-equality.com\/sr\/ukratko-o-kartama\/#breadcrumb\"},\"inLanguage\":\"sr-RS\",\"potentialAction\":[{\"@type\":\"ReadAction\",\"target\":[\"https:\/\/kindle-equality.com\/sr\/ukratko-o-kartama\/\"]}]},{\"@type\":\"BreadcrumbList\",\"@id\":\"https:\/\/kindle-equality.com\/sr\/ukratko-o-kartama\/#breadcrumb\",\"itemListElement\":[{\"@type\":\"ListItem\",\"position\":1,\"name\":\"Home\",\"item\":\"https:\/\/kindle-equality.com\/sr\/\"},{\"@type\":\"ListItem\",\"position\":2,\"name\":\"Ukratko o kartama\"}]},{\"@type\":\"WebSite\",\"@id\":\"https:\/\/kindle-equality.com\/sr\/#website\",\"url\":\"https:\/\/kindle-equality.com\/sr\/\",\"name\":\"Kindle Equality\",\"description\":\"Edukacijska platforma za nastavnike razredne i predmetne nastave, stru\u010dne slu\u017ebe u osnovnim \u0161kolama i odgajatelje u vrti\u0107ima\",\"publisher\":{\"@id\":\"https:\/\/kindle-equality.com\/sr\/#organization\"},\"potentialAction\":[{\"@type\":\"SearchAction\",\"target\":{\"@type\":\"EntryPoint\",\"urlTemplate\":\"https:\/\/kindle-equality.com\/sr\/?s={search_term_string}\"},\"query-input\":{\"@type\":\"PropertyValueSpecification\",\"valueRequired\":true,\"valueName\":\"search_term_string\"}}],\"inLanguage\":\"sr-RS\"},{\"@type\":\"Organization\",\"@id\":\"https:\/\/kindle-equality.com\/sr\/#organization\",\"name\":\"Kindle Equality\",\"url\":\"https:\/\/kindle-equality.com\/sr\/\",\"logo\":{\"@type\":\"ImageObject\",\"inLanguage\":\"sr-RS\",\"@id\":\"https:\/\/kindle-equality.com\/sr\/#\/schema\/logo\/image\/\",\"url\":\"https:\/\/kindle-equality.com\/wp-content\/uploads\/2021\/09\/kindle-equality-RGB-1.svg\",\"contentUrl\":\"https:\/\/kindle-equality.com\/wp-content\/uploads\/2021\/09\/kindle-equality-RGB-1.svg\",\"width\":1,\"height\":1,\"caption\":\"Kindle Equality\"},\"image\":{\"@id\":\"https:\/\/kindle-equality.com\/sr\/#\/schema\/logo\/image\/\"}}]}<\/script>\n<!-- \/ Yoast SEO plugin. -->","yoast_head_json":{"title":"Ukratko o kartama - Kindle Equality","robots":{"index":"index","follow":"follow","max-snippet":"max-snippet:-1","max-image-preview":"max-image-preview:large","max-video-preview":"max-video-preview:-1"},"canonical":"https:\/\/kindle-equality.com\/sr\/ukratko-o-kartama\/","og_locale":"sr_RS","og_type":"article","og_title":"Ukratko o kartama - Kindle Equality","og_url":"https:\/\/kindle-equality.com\/sr\/ukratko-o-kartama\/","og_site_name":"Kindle Equality","article_modified_time":"2022-08-04T08:35:58+00:00","og_image":[{"width":800,"height":665,"url":"https:\/\/kindle-equality.com\/wp-content\/uploads\/2023\/04\/kindle_fcb.png","type":"image\/png"}],"twitter_card":"summary_large_image","schema":{"@context":"https:\/\/schema.org","@graph":[{"@type":"WebPage","@id":"https:\/\/kindle-equality.com\/sr\/ukratko-o-kartama\/","url":"https:\/\/kindle-equality.com\/sr\/ukratko-o-kartama\/","name":"Ukratko o kartama - Kindle Equality","isPartOf":{"@id":"https:\/\/kindle-equality.com\/sr\/#website"},"datePublished":"2021-10-01T07:11:17+00:00","dateModified":"2022-08-04T08:35:58+00:00","breadcrumb":{"@id":"https:\/\/kindle-equality.com\/sr\/ukratko-o-kartama\/#breadcrumb"},"inLanguage":"sr-RS","potentialAction":[{"@type":"ReadAction","target":["https:\/\/kindle-equality.com\/sr\/ukratko-o-kartama\/"]}]},{"@type":"BreadcrumbList","@id":"https:\/\/kindle-equality.com\/sr\/ukratko-o-kartama\/#breadcrumb","itemListElement":[{"@type":"ListItem","position":1,"name":"Home","item":"https:\/\/kindle-equality.com\/sr\/"},{"@type":"ListItem","position":2,"name":"Ukratko o kartama"}]},{"@type":"WebSite","@id":"https:\/\/kindle-equality.com\/sr\/#website","url":"https:\/\/kindle-equality.com\/sr\/","name":"Kindle Equality","description":"Edukacijska platforma za nastavnike razredne i predmetne nastave, stru\u010dne slu\u017ebe u osnovnim \u0161kolama i odgajatelje u vrti\u0107ima","publisher":{"@id":"https:\/\/kindle-equality.com\/sr\/#organization"},"potentialAction":[{"@type":"SearchAction","target":{"@type":"EntryPoint","urlTemplate":"https:\/\/kindle-equality.com\/sr\/?s={search_term_string}"},"query-input":{"@type":"PropertyValueSpecification","valueRequired":true,"valueName":"search_term_string"}}],"inLanguage":"sr-RS"},{"@type":"Organization","@id":"https:\/\/kindle-equality.com\/sr\/#organization","name":"Kindle Equality","url":"https:\/\/kindle-equality.com\/sr\/","logo":{"@type":"ImageObject","inLanguage":"sr-RS","@id":"https:\/\/kindle-equality.com\/sr\/#\/schema\/logo\/image\/","url":"https:\/\/kindle-equality.com\/wp-content\/uploads\/2021\/09\/kindle-equality-RGB-1.svg","contentUrl":"https:\/\/kindle-equality.com\/wp-content\/uploads\/2021\/09\/kindle-equality-RGB-1.svg","width":1,"height":1,"caption":"Kindle Equality"},"image":{"@id":"https:\/\/kindle-equality.com\/sr\/#\/schema\/logo\/image\/"}}]}},"_links":{"self":[{"href":"https:\/\/kindle-equality.com\/sr\/wp-json\/wp\/v2\/pages\/2148","targetHints":{"allow":["GET"]}}],"collection":[{"href":"https:\/\/kindle-equality.com\/sr\/wp-json\/wp\/v2\/pages"}],"about":[{"href":"https:\/\/kindle-equality.com\/sr\/wp-json\/wp\/v2\/types\/page"}],"author":[{"embeddable":true,"href":"https:\/\/kindle-equality.com\/sr\/wp-json\/wp\/v2\/users\/9"}],"replies":[{"embeddable":true,"href":"https:\/\/kindle-equality.com\/sr\/wp-json\/wp\/v2\/comments?post=2148"}],"version-history":[{"count":2,"href":"https:\/\/kindle-equality.com\/sr\/wp-json\/wp\/v2\/pages\/2148\/revisions"}],"predecessor-version":[{"id":2304,"href":"https:\/\/kindle-equality.com\/sr\/wp-json\/wp\/v2\/pages\/2148\/revisions\/2304"}],"wp:attachment":[{"href":"https:\/\/kindle-equality.com\/sr\/wp-json\/wp\/v2\/media?parent=2148"}],"curies":[{"name":"wp","href":"https:\/\/api.w.org\/{rel}","templated":true}]}}