{"id":2126,"date":"2021-09-24T09:00:13","date_gmt":"2021-09-24T09:00:13","guid":{"rendered":"https:\/\/kindle-equality.com\/?page_id=2126"},"modified":"2022-08-12T11:04:32","modified_gmt":"2022-08-12T11:04:32","slug":"kako-pripremiti-trening-za-trenere","status":"publish","type":"page","link":"https:\/\/kindle-equality.com\/sr\/kako-pripremiti-trening-za-trenere\/","title":{"rendered":"Kako pripremiti trening za trenere"},"content":{"rendered":"<div class=\"wrapper wrapper__bg-color wrapper__spacing-top-tablet--0 wrapper__spacing-bottom-large--100 wrapper__spacing-bottom-tablet--80\" data-id=\"7ce4bde5649200903961028774f658e1\" >\n\t\t\n\t\t\t<div class=\"wrapper__container wrapper__container-width-large--not-set wrapper__gutter-large--not-set\">\n\t\t\t\t\t\t<div class=\"wrapper__inner wrapper__width-large--12\">\n\t\t\t\t<div class=\"hero block-hero__hero\" data-id=\"6bef0cc869320998a4e6c67569dfe13f\">\n\t<div class=\"hero__background\" style=\"background-image: url('https:\/\/kindle-equality.com\/wp-content\/uploads\/2021\/09\/ilustracija.svg')\"><\/div>\n\t<style>.hero[data-id='6bef0cc869320998a4e6c67569dfe13f'] {\n\t\t\t\t\t\t--hero-background-color: var(--global-colors-white);\n--hero-image-position: 33%;\n\t\t\t\t\t}\n\t\t\t\t <\/style>\t<div class=\"hero__wrapper\">\n\t\t<div class=\"hero__content\">\n\t\t\t<h2 class=\"heading hero__heading is-underline is-underline--offset is-underline--big is-underline--yellow\" data-id=\"3ec8b0545dfab749530dda6294e98ca2\" >\n\n\t<style>.heading[data-id='3ec8b0545dfab749530dda6294e98ca2'] {\n\t\t\t\t\t\t--heading-font-size: 3.6rem;\n--heading-line-height: 1.25;\n--heading-font-weight: 800;\n--heading-color: var(--global-colors-blue-2);\n\t\t\t\t\t}\n\t\t\t\t@media (min-width: 960px) {\n\t\t\t\t\t\t.heading[data-id='3ec8b0545dfab749530dda6294e98ca2'] {\n\t\t\t\t\t\t\t--heading-font-size: 6.4rem;\n--heading-line-height: 1.12;\n\t\t\t\t\t\t}\n\t\t\t\t\t}\n\t\t\t\t <\/style>\n\tDobra priprema je pola posla\n<\/h2><p class=\"paragraph hero__paragraph\" data-id=\"e44a580b6f0b8da460670eab10351d1a\" >\n\t<style>.paragraph[data-id='e44a580b6f0b8da460670eab10351d1a'] {\n\t\t\t\t\t\t--paragraph-font-size: 1.8rem;\n--paragraph-line-height: 2.14;\n--paragraph-color: var(--global-colors-black-1);\n--paragraph-link-color: var(--global-colors-primary);\n--paragraph-link-color-hover: var(--global-colors-primary);\n--paragraph-font-weight: 400;\n\t\t\t\t\t}\n\t\t\t\t@media (min-width: 960px) {\n\t\t\t\t\t\t.paragraph[data-id='e44a580b6f0b8da460670eab10351d1a'] {\n\t\t\t\t\t\t\t--paragraph-font-size: 2rem;\n--paragraph-line-height: 1.5;\n\t\t\t\t\t\t}\n\t\t\t\t\t}\n\t\t\t\t <\/style>Interaktivna platforma vodi vas kroz realne situacije i podsti\u010de na razmi\u0161ljanje o rodnim stereotipima u obrazovanju. Kroz logi\u010dne korake obja\u0161njava se pozadina svake situacije i nude se preporuke kako postupiti, \u0161ta re\u0107i, kako reagovati.<\/p><style>.btn[data-id='b3406b4fe8b9c0e9ce8863e4121de03f'] {\n\t\t\t\t\t\t--button-color: var(--global-colors-white);\n--button-color-focus: var(--global-colors-white);\n--button-color-hover: var(--global-colors-white);\n--button-color-active: var(--global-colors-white);\n--button-color-disabled: var(--global-colors-white);\n--button-background-color: var(--global-colors-primary);\n--button-background-color-focus: var(--global-colors-blue-1);\n--button-background-color-hover: var(--global-colors-blue-1);\n--button-background-color-active: var(--global-colors-blue-5);\n--button-background-color-disabled: var(--global-colors-blue-7);\n--button-border-color: var(--button-background-color);\n--button-border-color-focus: var(--button-background-color-focus);\n--button-border-color-hover: var(--button-background-color-hover);\n--button-border-color-active: var(--button-background-color-active);\n--button-border-color-disabled: var(--button-background-color-disabled);\n--button-color-is-link: var(--global-colors-primary);\n--button-color-is-link-hover: var(--global-colors-blue-1);\n--button-font-size: 1.6rem;\n--button-line-height: 1.62;\n--button-font-weight: 500;\n--button-padding-vertical: 1.2rem;\n--button-padding-horizontal: 2.4rem;\n--button-display: inline-flex;\n--button-width: auto;\n--button-flex-direction: row;\n--button-content-margin: 0 12px 0 0;\n\t\t\t\t\t}\n\t\t\t\t <\/style>\n\t<a href=\"https:\/\/kindle-equality.com\/wp-content\/uploads\/2021\/10\/Vodic\u030c-za-trenere_online_FINAL.pdf\" class=\"btn hero__btn\" id=\"\" title=\"Preuzmi PDF\" aria-label=\"\" data-id=\"b3406b4fe8b9c0e9ce8863e4121de03f\" target=_blank rel=\"noopener noreferrer\" >\n\n\t\t<i class=\"icon btn__icon icon--download\">\n\t<svg viewBox='0 0 24 24' fill='none' xmlns='http:\/\/www.w3.org\/2000\/svg'><path d='M3 17V20C3 21.1046 3.89543 22 5 22H19C20.1046 22 21 21.1046 21 20V17' stroke='currentColor' stroke-width='2' stroke-linecap='round' stroke-linejoin='round'\/><path d='M8 12L12 16L16 12' stroke='currentColor' stroke-width='2' stroke-linecap='round' stroke-linejoin='round'\/><path d='M12 2V15.5' stroke='currentColor' stroke-width='2' stroke-linecap='round'\/><\/svg><\/i>\t\t<span>\n\t\t\tPreuzmi PDF\t\t<\/span>\n\t<\/a>\t\t<\/div>\n\t\t<picture class=\"image hero__image\" data-id=\"5d0703ad296118e14eb41963b63ea644\">\n\n\t\t<style>.image[data-id='5d0703ad296118e14eb41963b63ea644'] {\n\t\t\t\t\t\t--image-border-radius: 0.6rem;\n\t\t\t\t\t}\n\t\t\t\t <\/style>\n\t\t\t\t\t\t\t\t\t\t\t\t\t\t\n\t\t<img decoding=\"async\" src=\"https:\/\/kindle-equality.com\/wp-content\/uploads\/2021\/09\/ilustracija.svg\" class=\"image__img hero__image-img\" alt=\"Dobra priprema je pola posla\" \/>\n\n\t\t\t<\/picture>\t<\/div>\n<\/div>\t\t\t<\/div>\n\t\t<\/div>\n\t<\/div>\n\n<div class=\"wrapper wrapper__bg-color wrapper__spacing-bottom-large--24\" data-id=\"57ca4fd370ea3b299f32323926d57bb8\" >\n\t\t\n\t\t\t<div class=\"wrapper__container wrapper__container-width-large--default wrapper__gutter-large--default\">\n\t\t\t\t\t\t<div class=\"wrapper__inner wrapper__width-large--12\">\n\t\t\t\t<div class=\"block-columns\" data-id=\"7ef12ce2fb11d06a01d004917546764c\">\n\t<style>.block-columns[data-id='7ef12ce2fb11d06a01d004917546764c'] {\n\t\t\t\t\t\t--columns-column-gap: calc((30 \/ 16) * 1rem);\n--columns-row-gap: calc((30 \/ 16) * 1rem);\n\t\t\t\t\t}\n\t\t\t\t <\/style>\n\n<div class=\"block-column\" data-id=\"de5aff6799b887a0e8364047dd6a69cf\">\n\t<style>.block-column[data-id='de5aff6799b887a0e8364047dd6a69cf'] {\n\t\t\t\t\t\t--column-width: 8;\n--column-display: flex;\n--column-vertical-align: stretch;\n--column-item-height: 100%;\n--column-horizontal-align: stretch;\n--column-item-width: 100%;\n\t\t\t\t\t}\n\t\t\t\t@media (max-width: 1920px) {\n\t\t\t\t\t\t.block-column[data-id='de5aff6799b887a0e8364047dd6a69cf'] {\n\t\t\t\t\t\t\t--column-display: flex;\n\t\t\t\t\t\t}\n\t\t\t\t\t}\n\t\t\t\t@media (max-width: 960px) {\n\t\t\t\t\t\t.block-column[data-id='de5aff6799b887a0e8364047dd6a69cf'] {\n\t\t\t\t\t\t\t--column-width: 12;\n--column-display: flex;\n\t\t\t\t\t\t}\n\t\t\t\t\t}\n\t\t\t\t@media (max-width: 480px) {\n\t\t\t\t\t\t.block-column[data-id='de5aff6799b887a0e8364047dd6a69cf'] {\n\t\t\t\t\t\t\t--column-display: flex;\n\t\t\t\t\t\t}\n\t\t\t\t\t}\n\t\t\t\t <\/style>\n<div class=\"wrapper wrapper__bg-color wrapper__spacing-bottom-large--80\" data-id=\"8ab9b96e91aeebf9ff553f77e536155a\" >\n\t\t\n\t\t\t\n<div class=\"block-paragraph\" data-id=\"9f9b9a8e4f58382040413526573087c9\">\n\t<style>.block-paragraph[data-id='9f9b9a8e4f58382040413526573087c9'] {\n\t\t\t\t\t\t--block-paragraph-align: left;\n\t\t\t\t\t}\n\t\t\t\t <\/style><p class=\"paragraph block-paragraph__paragraph\" data-id=\"c76e682de571bc53ed3ca574c57a5858\" >\n\t<style>.paragraph[data-id='c76e682de571bc53ed3ca574c57a5858'] {\n\t\t\t\t\t\t--paragraph-font-size: 1.8rem;\n--paragraph-line-height: 2.14;\n--paragraph-color: var(--global-colors-black-1);\n--paragraph-link-color: var(--global-colors-primary);\n--paragraph-link-color-hover: var(--global-colors-primary);\n--paragraph-font-weight: 400;\n\t\t\t\t\t}\n\t\t\t\t@media (min-width: 960px) {\n\t\t\t\t\t\t.paragraph[data-id='c76e682de571bc53ed3ca574c57a5858'] {\n\t\t\t\t\t\t\t--paragraph-font-size: 2rem;\n--paragraph-line-height: 1.5;\n\t\t\t\t\t\t}\n\t\t\t\t\t}\n\t\t\t\t <\/style>Svaki od jednakost IN \u2013 stereotipi OUT treninga sastoji se od 5 koraka kroz koje \u0107ete voditi u\u010desnike. Svakom od delova mo\u017eete pristupiti preko platforme gde \u0107ete na\u0107i edukativne materijale za situaciju ili ciljnu grupu sa kojom radite. Sa platforme preuzmite Vodi\u010d za trenere koji detaljno obja\u0161njava tok radionice.<\/p><\/div>\n\t<\/div>\n\n<div class=\"wrapper wrapper__bg-color wrapper__spacing-bottom-large--24\" data-id=\"d7f1292b8bf1122d80a1ff3f1f4929d2\" >\n\t\t\n\t\t\t\n<div class=\"block-lists\" data-id=\"e735da311fe816764f48f689b3ae8073\">\n\t<style>.block-lists[data-id='e735da311fe816764f48f689b3ae8073'] {\n\t\t\t\t\t\t--block-lists-align: left;\n\t\t\t\t\t}\n\t\t\t\t <\/style><ol class=\"lists block-lists__lists lists--ol lists--styled\" data-id=\"31425e2d2418081ee7b3a3af1dbe3c16\">\n\t<style>.lists[data-id='31425e2d2418081ee7b3a3af1dbe3c16'] {\n\t\t\t\t\t\t--lists-color: var(--global-colors-black-1);\n--lists-marker-color: var(--global-colors-primary);\n--lists-link-color: var(--global-colors-primary);\n--lists-link-color-hover: var(--global-colors-primary);\n--lists-marker-color: var(--lists-color);\n--lists-text-color: currentColor;\n--lists-link-color: var(--lists-color);\n\t\t\t\t\t}\n\t\t\t\t <\/style><li><strong>KREIRAJTE POZITIVNU ATMOSFERU<\/strong><br>Pozdravite u\u010desnike i zahvalite na dolasku na trening. Kratko se upoznajte sa u\u010desnicima i dogovorite pravila rada i pona\u0161anja tokom radionice.<\/li><li><strong>UVOD U RODNE STEREOTIPE I VRSTE PRISTRASNOSTI<\/strong><br>U\u010desnicima ukratko objasnite rodne stereotipe i poka\u017eite video u kojem su obja\u0161njeni procesi koji vode do rodnih stereotipa. <a href=\"https:\/\/kindle-equality.com\/sr\/ukratko-o-kartama\/\">Poka\u017eite im interaktivne setove karata<\/a> po situacijama i ciljnim grupama i objasnite kako se koriste.<\/li><li><strong>RAD U GRUPAMA<\/strong><br>Podelite u\u010desnike u male grupe u kojima \u0107e pro\u010ditati situaciju sa karte i potom ukratko diskutovati o njoj, koje pristrasnosti prepoznaju, za\u0161to se to doga\u0111a i \u0161ta u\u010diniti u takvim situacijama. Nakon toga im prika\u017eite mogu\u0107i pristup re\u0161avanju situacije uz popratno obja\u0161njenje procesa ili pristrasnosti u pozadini stereotipnog pona\u0161anja.<\/li><li><strong>STRATEGIJE ZA SMANJENJE STEREOTIPA<\/strong><br>Nakon rada u malim grupama svi u\u010desnici se vra\u0107aju u veliku grupu kako bi podelili zaklju\u010dke do kojih su do\u0161li u malim grupama i kako bi zajedni\u010dki pro\u0161li kroz efikasne na\u010dine smanjenja rodnih stereotipa. Nakon toga pro\u0111ite s njima kroz strategije za smanjenje stereotipa.<\/li><li><strong>OBAVEZIVANJE NA AKTIVNOST<\/strong><br>U\u010desnici se na kraju programa obavezuju na dve aktivnosti koje \u0107e sprovesti sa ciljem smanjenja rodnih stereotipa, odnosno otklanjanja pristrasnosti u svom radnom okru\u017eenju. Jedna aktivnost je sprovo\u0111enje najmanje jedne radionice sa svojim kolegama u \u0161koli, dok je druga aktivnost po sopstvenom izboru.<\/li><\/ol><\/div>\n\t<\/div>\n<\/div>\n\n<\/div>\n\t\t\t<\/div>\n\t\t<\/div>\n\t<\/div>","protected":false},"excerpt":{"rendered":"","protected":false},"author":9,"featured_media":0,"parent":0,"menu_order":7,"comment_status":"closed","ping_status":"closed","template":"","meta":{"_acf_changed":false,"footnotes":""},"class_list":["post-2126","page","type-page","status-publish","hentry"],"acf":[],"yoast_head":"<!-- This site is optimized with the Yoast SEO plugin v26.8 - https:\/\/yoast.com\/product\/yoast-seo-wordpress\/ -->\n<title>Kako pripremiti trening za trenere - Kindle Equality<\/title>\n<meta name=\"robots\" content=\"index, follow, max-snippet:-1, max-image-preview:large, max-video-preview:-1\" \/>\n<link rel=\"canonical\" href=\"https:\/\/kindle-equality.com\/sr\/kako-pripremiti-trening-za-trenere\/\" \/>\n<meta property=\"og:locale\" content=\"sr_RS\" \/>\n<meta property=\"og:type\" content=\"article\" \/>\n<meta property=\"og:title\" content=\"Kako pripremiti trening za trenere - Kindle Equality\" \/>\n<meta property=\"og:url\" content=\"https:\/\/kindle-equality.com\/sr\/kako-pripremiti-trening-za-trenere\/\" \/>\n<meta property=\"og:site_name\" content=\"Kindle Equality\" \/>\n<meta property=\"article:modified_time\" content=\"2022-08-12T11:04:32+00:00\" \/>\n<meta property=\"og:image\" content=\"https:\/\/kindle-equality.com\/wp-content\/uploads\/2023\/04\/kindle_fcb.png\" \/>\n\t<meta property=\"og:image:width\" content=\"800\" \/>\n\t<meta property=\"og:image:height\" content=\"665\" \/>\n\t<meta property=\"og:image:type\" content=\"image\/png\" \/>\n<meta name=\"twitter:card\" content=\"summary_large_image\" \/>\n<script type=\"application\/ld+json\" class=\"yoast-schema-graph\">{\"@context\":\"https:\/\/schema.org\",\"@graph\":[{\"@type\":\"WebPage\",\"@id\":\"https:\/\/kindle-equality.com\/sr\/kako-pripremiti-trening-za-trenere\/\",\"url\":\"https:\/\/kindle-equality.com\/sr\/kako-pripremiti-trening-za-trenere\/\",\"name\":\"Kako pripremiti trening za trenere - Kindle Equality\",\"isPartOf\":{\"@id\":\"https:\/\/kindle-equality.com\/sr\/#website\"},\"datePublished\":\"2021-09-24T09:00:13+00:00\",\"dateModified\":\"2022-08-12T11:04:32+00:00\",\"breadcrumb\":{\"@id\":\"https:\/\/kindle-equality.com\/sr\/kako-pripremiti-trening-za-trenere\/#breadcrumb\"},\"inLanguage\":\"sr-RS\",\"potentialAction\":[{\"@type\":\"ReadAction\",\"target\":[\"https:\/\/kindle-equality.com\/sr\/kako-pripremiti-trening-za-trenere\/\"]}]},{\"@type\":\"BreadcrumbList\",\"@id\":\"https:\/\/kindle-equality.com\/sr\/kako-pripremiti-trening-za-trenere\/#breadcrumb\",\"itemListElement\":[{\"@type\":\"ListItem\",\"position\":1,\"name\":\"Home\",\"item\":\"https:\/\/kindle-equality.com\/sr\/\"},{\"@type\":\"ListItem\",\"position\":2,\"name\":\"Kako pripremiti trening za trenere\"}]},{\"@type\":\"WebSite\",\"@id\":\"https:\/\/kindle-equality.com\/sr\/#website\",\"url\":\"https:\/\/kindle-equality.com\/sr\/\",\"name\":\"Kindle Equality\",\"description\":\"Edukacijska platforma za nastavnike razredne i predmetne nastave, stru\u010dne slu\u017ebe u osnovnim \u0161kolama i odgajatelje u vrti\u0107ima\",\"publisher\":{\"@id\":\"https:\/\/kindle-equality.com\/sr\/#organization\"},\"potentialAction\":[{\"@type\":\"SearchAction\",\"target\":{\"@type\":\"EntryPoint\",\"urlTemplate\":\"https:\/\/kindle-equality.com\/sr\/?s={search_term_string}\"},\"query-input\":{\"@type\":\"PropertyValueSpecification\",\"valueRequired\":true,\"valueName\":\"search_term_string\"}}],\"inLanguage\":\"sr-RS\"},{\"@type\":\"Organization\",\"@id\":\"https:\/\/kindle-equality.com\/sr\/#organization\",\"name\":\"Kindle Equality\",\"url\":\"https:\/\/kindle-equality.com\/sr\/\",\"logo\":{\"@type\":\"ImageObject\",\"inLanguage\":\"sr-RS\",\"@id\":\"https:\/\/kindle-equality.com\/sr\/#\/schema\/logo\/image\/\",\"url\":\"https:\/\/kindle-equality.com\/wp-content\/uploads\/2021\/09\/kindle-equality-RGB-1.svg\",\"contentUrl\":\"https:\/\/kindle-equality.com\/wp-content\/uploads\/2021\/09\/kindle-equality-RGB-1.svg\",\"width\":1,\"height\":1,\"caption\":\"Kindle Equality\"},\"image\":{\"@id\":\"https:\/\/kindle-equality.com\/sr\/#\/schema\/logo\/image\/\"}}]}<\/script>\n<!-- \/ Yoast SEO plugin. -->","yoast_head_json":{"title":"Kako pripremiti trening za trenere - Kindle Equality","robots":{"index":"index","follow":"follow","max-snippet":"max-snippet:-1","max-image-preview":"max-image-preview:large","max-video-preview":"max-video-preview:-1"},"canonical":"https:\/\/kindle-equality.com\/sr\/kako-pripremiti-trening-za-trenere\/","og_locale":"sr_RS","og_type":"article","og_title":"Kako pripremiti trening za trenere - Kindle Equality","og_url":"https:\/\/kindle-equality.com\/sr\/kako-pripremiti-trening-za-trenere\/","og_site_name":"Kindle Equality","article_modified_time":"2022-08-12T11:04:32+00:00","og_image":[{"width":800,"height":665,"url":"https:\/\/kindle-equality.com\/wp-content\/uploads\/2023\/04\/kindle_fcb.png","type":"image\/png"}],"twitter_card":"summary_large_image","schema":{"@context":"https:\/\/schema.org","@graph":[{"@type":"WebPage","@id":"https:\/\/kindle-equality.com\/sr\/kako-pripremiti-trening-za-trenere\/","url":"https:\/\/kindle-equality.com\/sr\/kako-pripremiti-trening-za-trenere\/","name":"Kako pripremiti trening za trenere - Kindle Equality","isPartOf":{"@id":"https:\/\/kindle-equality.com\/sr\/#website"},"datePublished":"2021-09-24T09:00:13+00:00","dateModified":"2022-08-12T11:04:32+00:00","breadcrumb":{"@id":"https:\/\/kindle-equality.com\/sr\/kako-pripremiti-trening-za-trenere\/#breadcrumb"},"inLanguage":"sr-RS","potentialAction":[{"@type":"ReadAction","target":["https:\/\/kindle-equality.com\/sr\/kako-pripremiti-trening-za-trenere\/"]}]},{"@type":"BreadcrumbList","@id":"https:\/\/kindle-equality.com\/sr\/kako-pripremiti-trening-za-trenere\/#breadcrumb","itemListElement":[{"@type":"ListItem","position":1,"name":"Home","item":"https:\/\/kindle-equality.com\/sr\/"},{"@type":"ListItem","position":2,"name":"Kako pripremiti trening za trenere"}]},{"@type":"WebSite","@id":"https:\/\/kindle-equality.com\/sr\/#website","url":"https:\/\/kindle-equality.com\/sr\/","name":"Kindle Equality","description":"Edukacijska platforma za nastavnike razredne i predmetne nastave, stru\u010dne slu\u017ebe u osnovnim \u0161kolama i odgajatelje u vrti\u0107ima","publisher":{"@id":"https:\/\/kindle-equality.com\/sr\/#organization"},"potentialAction":[{"@type":"SearchAction","target":{"@type":"EntryPoint","urlTemplate":"https:\/\/kindle-equality.com\/sr\/?s={search_term_string}"},"query-input":{"@type":"PropertyValueSpecification","valueRequired":true,"valueName":"search_term_string"}}],"inLanguage":"sr-RS"},{"@type":"Organization","@id":"https:\/\/kindle-equality.com\/sr\/#organization","name":"Kindle Equality","url":"https:\/\/kindle-equality.com\/sr\/","logo":{"@type":"ImageObject","inLanguage":"sr-RS","@id":"https:\/\/kindle-equality.com\/sr\/#\/schema\/logo\/image\/","url":"https:\/\/kindle-equality.com\/wp-content\/uploads\/2021\/09\/kindle-equality-RGB-1.svg","contentUrl":"https:\/\/kindle-equality.com\/wp-content\/uploads\/2021\/09\/kindle-equality-RGB-1.svg","width":1,"height":1,"caption":"Kindle Equality"},"image":{"@id":"https:\/\/kindle-equality.com\/sr\/#\/schema\/logo\/image\/"}}]}},"_links":{"self":[{"href":"https:\/\/kindle-equality.com\/sr\/wp-json\/wp\/v2\/pages\/2126","targetHints":{"allow":["GET"]}}],"collection":[{"href":"https:\/\/kindle-equality.com\/sr\/wp-json\/wp\/v2\/pages"}],"about":[{"href":"https:\/\/kindle-equality.com\/sr\/wp-json\/wp\/v2\/types\/page"}],"author":[{"embeddable":true,"href":"https:\/\/kindle-equality.com\/sr\/wp-json\/wp\/v2\/users\/9"}],"replies":[{"embeddable":true,"href":"https:\/\/kindle-equality.com\/sr\/wp-json\/wp\/v2\/comments?post=2126"}],"version-history":[{"count":3,"href":"https:\/\/kindle-equality.com\/sr\/wp-json\/wp\/v2\/pages\/2126\/revisions"}],"predecessor-version":[{"id":2361,"href":"https:\/\/kindle-equality.com\/sr\/wp-json\/wp\/v2\/pages\/2126\/revisions\/2361"}],"wp:attachment":[{"href":"https:\/\/kindle-equality.com\/sr\/wp-json\/wp\/v2\/media?parent=2126"}],"curies":[{"name":"wp","href":"https:\/\/api.w.org\/{rel}","templated":true}]}}