{"id":1854,"date":"2021-09-21T11:42:05","date_gmt":"2021-09-21T11:42:05","guid":{"rendered":"https:\/\/kindle-equality.com\/app\/"},"modified":"2022-07-28T11:50:24","modified_gmt":"2022-07-28T11:50:24","slug":"app","status":"publish","type":"page","link":"https:\/\/kindle-equality.com\/sr\/app\/","title":{"rendered":"App"},"content":{"rendered":"\n<div class=\"wpcf7 no-js\" id=\"wpcf7-f2262-o1\" lang=\"sr-RS\" dir=\"ltr\" data-wpcf7-id=\"2262\">\n<div class=\"screen-reader-response\"><p role=\"status\" aria-live=\"polite\" aria-atomic=\"true\"><\/p> <ul><\/ul><\/div>\n<form action=\"\/sr\/wp-json\/wp\/v2\/pages\/1854#wpcf7-f2262-o1\" method=\"post\" class=\"wpcf7-form init\" aria-label=\"Contact form\" novalidate=\"novalidate\" data-status=\"init\">\n<fieldset class=\"hidden-fields-container\"><input type=\"hidden\" name=\"_wpcf7\" value=\"2262\" \/><input type=\"hidden\" name=\"_wpcf7_version\" value=\"6.1.4\" \/><input type=\"hidden\" name=\"_wpcf7_locale\" value=\"sr_RS\" \/><input type=\"hidden\" name=\"_wpcf7_unit_tag\" value=\"wpcf7-f2262-o1\" \/><input type=\"hidden\" name=\"_wpcf7_container_post\" value=\"0\" \/><input type=\"hidden\" name=\"_wpcf7_posted_data_hash\" value=\"\" \/>\n<\/fieldset>\n<p>Ocenite sopstveni stepen motivacije za podru\u010dje rodne ravnopravnosti u obrazovanju?\n<\/p>\n<p><span class=\"wpcf7-form-control-wrap\" data-name=\"motivation\"><span class=\"wpcf7-form-control wpcf7-radio\"><span class=\"wpcf7-list-item first\"><label><input type=\"radio\" name=\"motivation\" value=\"0\" checked=\"checked\" \/><span class=\"wpcf7-list-item-label\">0<\/span><\/label><\/span><span class=\"wpcf7-list-item\"><label><input type=\"radio\" name=\"motivation\" value=\"1\" \/><span class=\"wpcf7-list-item-label\">1<\/span><\/label><\/span><span class=\"wpcf7-list-item\"><label><input type=\"radio\" name=\"motivation\" value=\"2\" \/><span class=\"wpcf7-list-item-label\">2<\/span><\/label><\/span><span class=\"wpcf7-list-item\"><label><input type=\"radio\" name=\"motivation\" value=\"3\" \/><span class=\"wpcf7-list-item-label\">3<\/span><\/label><\/span><span class=\"wpcf7-list-item\"><label><input type=\"radio\" name=\"motivation\" value=\"4\" \/><span class=\"wpcf7-list-item-label\">4<\/span><\/label><\/span><span class=\"wpcf7-list-item last\"><label><input type=\"radio\" name=\"motivation\" value=\"5\" \/><span class=\"wpcf7-list-item-label\">5<\/span><\/label><\/span><\/span><\/span>\n<\/p>\n<p>Koliko Vam je edukacija bila informativna i korisna ?\n<\/p>\n<p><span class=\"wpcf7-form-control-wrap\" data-name=\"informativity\"><span class=\"wpcf7-form-control wpcf7-radio\"><span class=\"wpcf7-list-item first\"><label><input type=\"radio\" name=\"informativity\" value=\"0\" checked=\"checked\" \/><span class=\"wpcf7-list-item-label\">0<\/span><\/label><\/span><span class=\"wpcf7-list-item\"><label><input type=\"radio\" name=\"informativity\" value=\"1\" \/><span class=\"wpcf7-list-item-label\">1<\/span><\/label><\/span><span class=\"wpcf7-list-item\"><label><input type=\"radio\" name=\"informativity\" value=\"2\" \/><span class=\"wpcf7-list-item-label\">2<\/span><\/label><\/span><span class=\"wpcf7-list-item\"><label><input type=\"radio\" name=\"informativity\" value=\"3\" \/><span class=\"wpcf7-list-item-label\">3<\/span><\/label><\/span><span class=\"wpcf7-list-item\"><label><input type=\"radio\" name=\"informativity\" value=\"4\" \/><span class=\"wpcf7-list-item-label\">4<\/span><\/label><\/span><span class=\"wpcf7-list-item last\"><label><input type=\"radio\" name=\"informativity\" value=\"5\" \/><span class=\"wpcf7-list-item-label\">5<\/span><\/label><\/span><\/span><\/span>\n<\/p>\n<p>Kako biste ocenili edukaciju?\n<\/p>\n<p><span class=\"wpcf7-form-control-wrap\" data-name=\"rating\"><span class=\"wpcf7-form-control wpcf7-radio\"><span class=\"wpcf7-list-item first\"><label><input type=\"radio\" name=\"rating\" value=\"0\" checked=\"checked\" \/><span class=\"wpcf7-list-item-label\">0<\/span><\/label><\/span><span class=\"wpcf7-list-item\"><label><input type=\"radio\" name=\"rating\" value=\"1\" \/><span class=\"wpcf7-list-item-label\">1<\/span><\/label><\/span><span class=\"wpcf7-list-item\"><label><input type=\"radio\" name=\"rating\" value=\"2\" \/><span class=\"wpcf7-list-item-label\">2<\/span><\/label><\/span><span class=\"wpcf7-list-item\"><label><input type=\"radio\" name=\"rating\" value=\"3\" \/><span class=\"wpcf7-list-item-label\">3<\/span><\/label><\/span><span class=\"wpcf7-list-item\"><label><input type=\"radio\" name=\"rating\" value=\"4\" \/><span class=\"wpcf7-list-item-label\">4<\/span><\/label><\/span><span class=\"wpcf7-list-item last\"><label><input type=\"radio\" name=\"rating\" value=\"5\" \/><span class=\"wpcf7-list-item-label\">5<\/span><\/label><\/span><\/span><\/span>\n<\/p>\n<p><label> \u0160ta biste nam jo\u0161 rekli o edukaciji?<br \/>\n<span class=\"wpcf7-form-control-wrap\" data-name=\"additional-rating\"><textarea cols=\"40\" rows=\"6\" maxlength=\"2000\" class=\"wpcf7-form-control wpcf7-textarea\" aria-invalid=\"false\" name=\"additional-rating\">Napi\u0161ite<\/textarea><\/span> <\/label>\n<\/p>\n<p><label> Dodatni komentari i predlozi.<br \/>\n<span class=\"wpcf7-form-control-wrap\" data-name=\"comment\"><textarea cols=\"40\" rows=\"6\" maxlength=\"2000\" class=\"wpcf7-form-control wpcf7-textarea\" aria-invalid=\"false\" name=\"comment\">Napi\u0161ite<\/textarea><\/span> <\/label>\n<\/p>\n<p><input class=\"wpcf7-form-control wpcf7-submit has-spinner\" type=\"submit\" value=\"Gotovo\" \/>\n<\/p><div class=\"wpcf7-response-output\" aria-hidden=\"true\"><\/div>\n<\/form>\n<\/div>\n\n","protected":false},"excerpt":{"rendered":"","protected":false},"author":7,"featured_media":0,"parent":0,"menu_order":11,"comment_status":"closed","ping_status":"closed","template":"","meta":{"_acf_changed":false,"footnotes":""},"class_list":["post-1854","page","type-page","status-publish","hentry"],"acf":[],"yoast_head":"<!-- This site is optimized with the Yoast SEO plugin v26.8 - https:\/\/yoast.com\/product\/yoast-seo-wordpress\/ -->\n<title>App - Kindle Equality<\/title>\n<meta name=\"robots\" content=\"index, follow, max-snippet:-1, max-image-preview:large, max-video-preview:-1\" \/>\n<link rel=\"canonical\" href=\"https:\/\/kindle-equality.com\/sr\/app\/\" \/>\n<meta property=\"og:locale\" content=\"sr_RS\" \/>\n<meta property=\"og:type\" content=\"article\" \/>\n<meta property=\"og:title\" content=\"App - Kindle Equality\" \/>\n<meta property=\"og:url\" content=\"https:\/\/kindle-equality.com\/sr\/app\/\" \/>\n<meta property=\"og:site_name\" content=\"Kindle Equality\" \/>\n<meta property=\"article:modified_time\" content=\"2022-07-28T11:50:24+00:00\" \/>\n<meta property=\"og:image\" content=\"https:\/\/kindle-equality.com\/wp-content\/uploads\/2023\/04\/kindle_fcb.png\" \/>\n\t<meta property=\"og:image:width\" content=\"800\" \/>\n\t<meta property=\"og:image:height\" content=\"665\" \/>\n\t<meta property=\"og:image:type\" content=\"image\/png\" \/>\n<meta name=\"twitter:card\" content=\"summary_large_image\" \/>\n<meta name=\"twitter:label1\" content=\"\u041f\u0440\u043e\u0446\u0435\u045a\u0435\u043d\u043e \u0432\u0440\u0435\u043c\u0435 \u0447\u0438\u0442\u0430\u045a\u0430\" \/>\n\t<meta name=\"twitter:data1\" content=\"1 \u043c\u0438\u043d\u0443\u0442\" \/>\n<script type=\"application\/ld+json\" class=\"yoast-schema-graph\">{\"@context\":\"https:\/\/schema.org\",\"@graph\":[{\"@type\":\"WebPage\",\"@id\":\"https:\/\/kindle-equality.com\/sr\/app\/\",\"url\":\"https:\/\/kindle-equality.com\/sr\/app\/\",\"name\":\"App - Kindle Equality\",\"isPartOf\":{\"@id\":\"https:\/\/kindle-equality.com\/sr\/#website\"},\"datePublished\":\"2021-09-21T11:42:05+00:00\",\"dateModified\":\"2022-07-28T11:50:24+00:00\",\"breadcrumb\":{\"@id\":\"https:\/\/kindle-equality.com\/sr\/app\/#breadcrumb\"},\"inLanguage\":\"sr-RS\",\"potentialAction\":[{\"@type\":\"ReadAction\",\"target\":[\"https:\/\/kindle-equality.com\/sr\/app\/\"]}]},{\"@type\":\"BreadcrumbList\",\"@id\":\"https:\/\/kindle-equality.com\/sr\/app\/#breadcrumb\",\"itemListElement\":[{\"@type\":\"ListItem\",\"position\":1,\"name\":\"Home\",\"item\":\"https:\/\/kindle-equality.com\/sr\/\"},{\"@type\":\"ListItem\",\"position\":2,\"name\":\"App\"}]},{\"@type\":\"WebSite\",\"@id\":\"https:\/\/kindle-equality.com\/sr\/#website\",\"url\":\"https:\/\/kindle-equality.com\/sr\/\",\"name\":\"Kindle Equality\",\"description\":\"Edukacijska platforma za nastavnike razredne i predmetne nastave, stru\u010dne slu\u017ebe u osnovnim \u0161kolama i odgajatelje u vrti\u0107ima\",\"publisher\":{\"@id\":\"https:\/\/kindle-equality.com\/sr\/#organization\"},\"potentialAction\":[{\"@type\":\"SearchAction\",\"target\":{\"@type\":\"EntryPoint\",\"urlTemplate\":\"https:\/\/kindle-equality.com\/sr\/?s={search_term_string}\"},\"query-input\":{\"@type\":\"PropertyValueSpecification\",\"valueRequired\":true,\"valueName\":\"search_term_string\"}}],\"inLanguage\":\"sr-RS\"},{\"@type\":\"Organization\",\"@id\":\"https:\/\/kindle-equality.com\/sr\/#organization\",\"name\":\"Kindle Equality\",\"url\":\"https:\/\/kindle-equality.com\/sr\/\",\"logo\":{\"@type\":\"ImageObject\",\"inLanguage\":\"sr-RS\",\"@id\":\"https:\/\/kindle-equality.com\/sr\/#\/schema\/logo\/image\/\",\"url\":\"https:\/\/kindle-equality.com\/wp-content\/uploads\/2021\/09\/kindle-equality-RGB-1.svg\",\"contentUrl\":\"https:\/\/kindle-equality.com\/wp-content\/uploads\/2021\/09\/kindle-equality-RGB-1.svg\",\"width\":1,\"height\":1,\"caption\":\"Kindle Equality\"},\"image\":{\"@id\":\"https:\/\/kindle-equality.com\/sr\/#\/schema\/logo\/image\/\"}}]}<\/script>\n<!-- \/ Yoast SEO plugin. -->","yoast_head_json":{"title":"App - Kindle Equality","robots":{"index":"index","follow":"follow","max-snippet":"max-snippet:-1","max-image-preview":"max-image-preview:large","max-video-preview":"max-video-preview:-1"},"canonical":"https:\/\/kindle-equality.com\/sr\/app\/","og_locale":"sr_RS","og_type":"article","og_title":"App - Kindle Equality","og_url":"https:\/\/kindle-equality.com\/sr\/app\/","og_site_name":"Kindle Equality","article_modified_time":"2022-07-28T11:50:24+00:00","og_image":[{"width":800,"height":665,"url":"https:\/\/kindle-equality.com\/wp-content\/uploads\/2023\/04\/kindle_fcb.png","type":"image\/png"}],"twitter_card":"summary_large_image","twitter_misc":{"\u041f\u0440\u043e\u0446\u0435\u045a\u0435\u043d\u043e \u0432\u0440\u0435\u043c\u0435 \u0447\u0438\u0442\u0430\u045a\u0430":"1 \u043c\u0438\u043d\u0443\u0442"},"schema":{"@context":"https:\/\/schema.org","@graph":[{"@type":"WebPage","@id":"https:\/\/kindle-equality.com\/sr\/app\/","url":"https:\/\/kindle-equality.com\/sr\/app\/","name":"App - Kindle Equality","isPartOf":{"@id":"https:\/\/kindle-equality.com\/sr\/#website"},"datePublished":"2021-09-21T11:42:05+00:00","dateModified":"2022-07-28T11:50:24+00:00","breadcrumb":{"@id":"https:\/\/kindle-equality.com\/sr\/app\/#breadcrumb"},"inLanguage":"sr-RS","potentialAction":[{"@type":"ReadAction","target":["https:\/\/kindle-equality.com\/sr\/app\/"]}]},{"@type":"BreadcrumbList","@id":"https:\/\/kindle-equality.com\/sr\/app\/#breadcrumb","itemListElement":[{"@type":"ListItem","position":1,"name":"Home","item":"https:\/\/kindle-equality.com\/sr\/"},{"@type":"ListItem","position":2,"name":"App"}]},{"@type":"WebSite","@id":"https:\/\/kindle-equality.com\/sr\/#website","url":"https:\/\/kindle-equality.com\/sr\/","name":"Kindle Equality","description":"Edukacijska platforma za nastavnike razredne i predmetne nastave, stru\u010dne slu\u017ebe u osnovnim \u0161kolama i odgajatelje u vrti\u0107ima","publisher":{"@id":"https:\/\/kindle-equality.com\/sr\/#organization"},"potentialAction":[{"@type":"SearchAction","target":{"@type":"EntryPoint","urlTemplate":"https:\/\/kindle-equality.com\/sr\/?s={search_term_string}"},"query-input":{"@type":"PropertyValueSpecification","valueRequired":true,"valueName":"search_term_string"}}],"inLanguage":"sr-RS"},{"@type":"Organization","@id":"https:\/\/kindle-equality.com\/sr\/#organization","name":"Kindle Equality","url":"https:\/\/kindle-equality.com\/sr\/","logo":{"@type":"ImageObject","inLanguage":"sr-RS","@id":"https:\/\/kindle-equality.com\/sr\/#\/schema\/logo\/image\/","url":"https:\/\/kindle-equality.com\/wp-content\/uploads\/2021\/09\/kindle-equality-RGB-1.svg","contentUrl":"https:\/\/kindle-equality.com\/wp-content\/uploads\/2021\/09\/kindle-equality-RGB-1.svg","width":1,"height":1,"caption":"Kindle Equality"},"image":{"@id":"https:\/\/kindle-equality.com\/sr\/#\/schema\/logo\/image\/"}}]}},"_links":{"self":[{"href":"https:\/\/kindle-equality.com\/sr\/wp-json\/wp\/v2\/pages\/1854","targetHints":{"allow":["GET"]}}],"collection":[{"href":"https:\/\/kindle-equality.com\/sr\/wp-json\/wp\/v2\/pages"}],"about":[{"href":"https:\/\/kindle-equality.com\/sr\/wp-json\/wp\/v2\/types\/page"}],"author":[{"embeddable":true,"href":"https:\/\/kindle-equality.com\/sr\/wp-json\/wp\/v2\/users\/7"}],"replies":[{"embeddable":true,"href":"https:\/\/kindle-equality.com\/sr\/wp-json\/wp\/v2\/comments?post=1854"}],"version-history":[{"count":1,"href":"https:\/\/kindle-equality.com\/sr\/wp-json\/wp\/v2\/pages\/1854\/revisions"}],"predecessor-version":[{"id":2263,"href":"https:\/\/kindle-equality.com\/sr\/wp-json\/wp\/v2\/pages\/1854\/revisions\/2263"}],"wp:attachment":[{"href":"https:\/\/kindle-equality.com\/sr\/wp-json\/wp\/v2\/media?parent=1854"}],"curies":[{"name":"wp","href":"https:\/\/api.w.org\/{rel}","templated":true}]}}